{"id":1298,"date":"2025-11-09T23:52:44","date_gmt":"2025-11-09T21:52:44","guid":{"rendered":"https:\/\/askejaialdia.eus\/?page_id=1298"},"modified":"2026-01-16T00:52:36","modified_gmt":"2026-01-15T22:52:36","slug":"info","status":"publish","type":"page","link":"https:\/\/askejaialdia.eus\/es\/info\/","title":{"rendered":"Info"},"content":{"rendered":"\t\t<div data-elementor-type=\"wp-page\" data-elementor-id=\"1298\" class=\"elementor elementor-1298 elementor-1284\" data-elementor-post-type=\"page\">\n\t\t\t\t<div class=\"elementor-element elementor-element-444976e4 e-flex e-con-boxed e-con e-parent\" data-id=\"444976e4\" data-element_type=\"container\" data-settings=\"{&quot;background_background&quot;:&quot;classic&quot;}\">\n\t\t\t\t\t<div class=\"e-con-inner\">\n\t\t\t\t<div class=\"elementor-element elementor-element-fabf2a5 elementor-widget elementor-widget-heading\" data-id=\"fabf2a5\" data-element_type=\"widget\" data-widget_type=\"heading.default\">\n\t\t\t\t\t<h2 class=\"elementor-heading-title elementor-size-default\">\u00b7 INFO \u00b7 <\/h2>\t\t\t\t<\/div>\n\t\t\t\t\t<\/div>\n\t\t\t\t<\/div>\n\t\t<div class=\"elementor-element elementor-element-34e6fd2 e-flex e-con-boxed e-con e-parent\" data-id=\"34e6fd2\" data-element_type=\"container\" data-settings=\"{&quot;background_background&quot;:&quot;classic&quot;}\">\n\t\t\t\t\t<div class=\"e-con-inner\">\n\t\t<div class=\"elementor-element elementor-element-ce91cc0 e-con-full e-flex e-con e-child\" data-id=\"ce91cc0\" data-element_type=\"container\" data-settings=\"{&quot;background_background&quot;:&quot;classic&quot;}\">\n\t\t<div class=\"elementor-element elementor-element-29d2679 e-con-full e-flex e-con e-child\" data-id=\"29d2679\" data-element_type=\"container\">\n\t\t<div class=\"elementor-element elementor-element-61c3370 e-con-full e-flex e-con e-child\" data-id=\"61c3370\" data-element_type=\"container\" data-settings=\"{&quot;background_background&quot;:&quot;classic&quot;}\">\n\t\t\t\t<div class=\"elementor-element elementor-element-0eb41e8 elementor-widget elementor-widget-heading\" data-id=\"0eb41e8\" data-element_type=\"widget\" data-widget_type=\"heading.default\">\n\t\t\t\t\t<h2 class=\"elementor-heading-title elementor-size-default\">\u00bfdudas?<\/h2>\t\t\t\t<\/div>\n\t\t\t\t<div class=\"elementor-element elementor-element-6c3f3ce elementor-widget elementor-widget-n-accordion\" data-id=\"6c3f3ce\" data-element_type=\"widget\" data-settings=\"{&quot;max_items_expended&quot;:&quot;multiple&quot;,&quot;n_accordion_animation_duration&quot;:{&quot;unit&quot;:&quot;ms&quot;,&quot;size&quot;:200,&quot;sizes&quot;:[]},&quot;default_state&quot;:&quot;expanded&quot;}\" data-widget_type=\"nested-accordion.default\">\n\t\t\t\t\t\t\t<div class=\"e-n-accordion\" aria-label=\"Accordion. Open links with Enter or Space, close with Escape, and navigate with Arrow Keys\">\n\t\t\t\t\t\t<details id=\"e-n-accordion-item-1130\" class=\"e-n-accordion-item\" open>\n\t\t\t\t<summary class=\"e-n-accordion-item-title\" data-accordion-index=\"1\" tabindex=\"0\" aria-expanded=\"true\" aria-controls=\"e-n-accordion-item-1130\" >\n\t\t\t\t\t<span class='e-n-accordion-item-title-header'><div class=\"e-n-accordion-item-title-text\"> \u00bfTodav\u00eda se puede comprar ropa del festival ASKE? <\/div><\/span>\n\t\t\t\t\t\t\t<span class='e-n-accordion-item-title-icon'>\n\t\t\t<span class='e-opened' ><i aria-hidden=\"true\" class=\"fad fa-chevron-up\"><\/i><\/span>\n\t\t\t<span class='e-closed'><i aria-hidden=\"true\" class=\"fad fa-chevron-down\"><\/i><\/span>\n\t\t<\/span>\n\n\t\t\t\t\t\t<\/summary>\n\t\t\t\t<div role=\"region\" aria-labelledby=\"e-n-accordion-item-1130\" class=\"elementor-element elementor-element-2543b96 e-con-full e-flex e-con e-child\" data-id=\"2543b96\" data-element_type=\"container\">\n\t\t\t\t<div class=\"elementor-element elementor-element-0ecf828 elementor-widget elementor-widget-text-editor\" data-id=\"0ecf828\" data-element_type=\"widget\" data-widget_type=\"text-editor.default\">\n\t\t\t\t\t\t\t\t\t<p>S\u00ed, visita la <a href=\"https:\/\/shop.serigrafia.eus\/aske\/es\/\" target=\"_blank\" rel=\"noopener\">tienda online<\/a> y haz tu pedido.<\/p>\n\t\t\t\t\t\t\t\t<\/div>\n\t\t\t\t<\/div>\n\t\t\t\t\t<\/details>\n\t\t\t\t\t\t<details id=\"e-n-accordion-item-1131\" class=\"e-n-accordion-item\" >\n\t\t\t\t<summary class=\"e-n-accordion-item-title\" data-accordion-index=\"2\" tabindex=\"-1\" aria-expanded=\"false\" aria-controls=\"e-n-accordion-item-1131\" >\n\t\t\t\t\t<span class='e-n-accordion-item-title-header'><div class=\"e-n-accordion-item-title-text\"> \u00bfEstoy a tiempo para unirme al equipo de trabajo? <\/div><\/span>\n\t\t\t\t\t\t\t<span class='e-n-accordion-item-title-icon'>\n\t\t\t<span class='e-opened' ><i aria-hidden=\"true\" class=\"fad fa-chevron-up\"><\/i><\/span>\n\t\t\t<span class='e-closed'><i aria-hidden=\"true\" class=\"fad fa-chevron-down\"><\/i><\/span>\n\t\t<\/span>\n\n\t\t\t\t\t\t<\/summary>\n\t\t\t\t<div role=\"region\" aria-labelledby=\"e-n-accordion-item-1131\" class=\"elementor-element elementor-element-c129cdd e-con-full e-flex e-con e-child\" data-id=\"c129cdd\" data-element_type=\"container\">\n\t\t\t\t<div class=\"elementor-element elementor-element-542af73 elementor-widget elementor-widget-text-editor\" data-id=\"542af73\" data-element_type=\"widget\" data-widget_type=\"text-editor.default\">\n\t\t\t\t\t\t\t\t\t<p>\u00a1Claro! Todas tenemos sitio en ASKE. Puedes rellenar el formulario de la secci\u00f3n Turnos o escribirnos a la siguiente direcci\u00f3n: <a href=\"mailto:txandak@askejaialdia.eus\" target=\"_blank\" rel=\"noopener\">txandak@askejaialdia.eus<\/a>.<\/p>\n\t\t\t\t\t\t\t\t<\/div>\n\t\t\t\t<\/div>\n\t\t\t\t\t<\/details>\n\t\t\t\t\t\t<details id=\"e-n-accordion-item-1132\" class=\"e-n-accordion-item\" >\n\t\t\t\t<summary class=\"e-n-accordion-item-title\" data-accordion-index=\"3\" tabindex=\"-1\" aria-expanded=\"false\" aria-controls=\"e-n-accordion-item-1132\" >\n\t\t\t\t\t<span class='e-n-accordion-item-title-header'><div class=\"e-n-accordion-item-title-text\"> \u00bfSe pueden ver las fotos sacadas durante el festival? <\/div><\/span>\n\t\t\t\t\t\t\t<span class='e-n-accordion-item-title-icon'>\n\t\t\t<span class='e-opened' ><i aria-hidden=\"true\" class=\"fad fa-chevron-up\"><\/i><\/span>\n\t\t\t<span class='e-closed'><i aria-hidden=\"true\" class=\"fad fa-chevron-down\"><\/i><\/span>\n\t\t<\/span>\n\n\t\t\t\t\t\t<\/summary>\n\t\t\t\t<div role=\"region\" aria-labelledby=\"e-n-accordion-item-1132\" class=\"elementor-element elementor-element-3b71cf5 e-con-full e-flex e-con e-child\" data-id=\"3b71cf5\" data-element_type=\"container\">\n\t\t\t\t<div class=\"elementor-element elementor-element-385be4a elementor-widget elementor-widget-text-editor\" data-id=\"385be4a\" data-element_type=\"widget\" data-widget_type=\"text-editor.default\">\n\t\t\t\t\t\t\t\t\t<p>S\u00ed, ya se puede ver en nuestras redes sociales la selecci\u00f3n de fotos sacadas durante el festival, as\u00ed como durante su preparaci\u00f3n y desmontaje. \u00a1S\u00edguenos para estar al tanto de todas las novedades!<\/p>\n\t\t\t\t\t\t\t\t<\/div>\n\t\t\t\t<\/div>\n\t\t\t\t\t<\/details>\n\t\t\t\t\t<\/div>\n\t\t\t\t\t\t<\/div>\n\t\t\t\t<\/div>\n\t\t\t\t<\/div>\n\t\t\t\t<\/div>\n\t\t\t\t\t<\/div>\n\t\t\t\t<\/div>\n\t\t\t\t<\/div>\n\t\t","protected":false},"excerpt":{"rendered":"<p>\u00c2\u00b7 INFO \u00c2\u00b7 \u00c2\u00bfdudas? \u00c2\u00bfTodav\u00c3\u00ada se puede comprar ropa del festival ASKE? S\u00c3\u00ad, visita la tienda online y haz tu pedido. \u00c2\u00bfEstoy a tiempo para unirme al equipo de trabajo? \u00c2\u00a1Claro! Todas tenemos sitio en ASKE. Puedes rellenar el formulario de la secci\u00c3\u00b3n Turnos o escribirnos a la siguiente direcci\u00c3\u00b3n: txandak@askejaialdia.eus. \u00c2\u00bfSe pueden ver las [&hellip;]<\/p>\n","protected":false},"author":2,"featured_media":0,"parent":0,"menu_order":0,"comment_status":"closed","ping_status":"closed","template":"elementor_header_footer","meta":{"footnotes":""},"class_list":["post-1298","page","type-page","status-publish","hentry"],"yoast_head":"<!-- This site is optimized with the Yoast SEO plugin v27.2 - https:\/\/yoast.com\/product\/yoast-seo-wordpress\/ -->\n<title>Info - Aske jaialdia<\/title>\n<meta name=\"robots\" content=\"index, follow, max-snippet:-1, max-image-preview:large, max-video-preview:-1\" \/>\n<link rel=\"canonical\" href=\"https:\/\/askejaialdia.eus\/es\/info\/\" \/>\n<meta property=\"og:locale\" content=\"es_ES\" \/>\n<meta property=\"og:type\" content=\"article\" \/>\n<meta property=\"og:title\" content=\"Info - Aske jaialdia\" \/>\n<meta property=\"og:description\" content=\"\u00c2\u00b7 INFO \u00c2\u00b7 \u00c2\u00bfdudas? \u00c2\u00bfTodav\u00c3\u00ada se puede comprar ropa del festival ASKE? S\u00c3\u00ad, visita la tienda online y haz tu pedido. \u00c2\u00bfEstoy a tiempo para unirme al equipo de trabajo? \u00c2\u00a1Claro! Todas tenemos sitio en ASKE. Puedes rellenar el formulario de la secci\u00c3\u00b3n Turnos o escribirnos a la siguiente direcci\u00c3\u00b3n: txandak@askejaialdia.eus. \u00c2\u00bfSe pueden ver las [&hellip;]\" \/>\n<meta property=\"og:url\" content=\"https:\/\/askejaialdia.eus\/es\/info\/\" \/>\n<meta property=\"og:site_name\" content=\"Aske jaialdia\" \/>\n<meta property=\"article:modified_time\" content=\"2026-01-15T22:52:36+00:00\" \/>\n<meta property=\"og:image\" content=\"https:\/\/askejaialdia.eus\/wp-content\/uploads\/2025\/09\/favicon2.png\" \/>\n\t<meta property=\"og:image:width\" content=\"479\" \/>\n\t<meta property=\"og:image:height\" content=\"437\" \/>\n\t<meta property=\"og:image:type\" content=\"image\/png\" \/>\n<meta name=\"twitter:card\" content=\"summary_large_image\" \/>\n<meta name=\"twitter:label1\" content=\"Tiempo de lectura\" \/>\n\t<meta name=\"twitter:data1\" content=\"1 minuto\" \/>\n<script type=\"application\/ld+json\" class=\"yoast-schema-graph\">{\"@context\":\"https:\/\/schema.org\",\"@graph\":[{\"@type\":\"WebPage\",\"@id\":\"https:\/\/askejaialdia.eus\/es\/info\/\",\"url\":\"https:\/\/askejaialdia.eus\/es\/info\/\",\"name\":\"Info - Aske jaialdia\",\"isPartOf\":{\"@id\":\"https:\/\/askejaialdia.eus\/es\/#website\"},\"datePublished\":\"2025-11-09T21:52:44+00:00\",\"dateModified\":\"2026-01-15T22:52:36+00:00\",\"breadcrumb\":{\"@id\":\"https:\/\/askejaialdia.eus\/es\/info\/#breadcrumb\"},\"inLanguage\":\"es\",\"potentialAction\":[{\"@type\":\"ReadAction\",\"target\":[\"https:\/\/askejaialdia.eus\/es\/info\/\"]}]},{\"@type\":\"BreadcrumbList\",\"@id\":\"https:\/\/askejaialdia.eus\/es\/info\/#breadcrumb\",\"itemListElement\":[{\"@type\":\"ListItem\",\"position\":1,\"name\":\"Home\",\"item\":\"https:\/\/askejaialdia.eus\/es\/\"},{\"@type\":\"ListItem\",\"position\":2,\"name\":\"Info\"}]},{\"@type\":\"WebSite\",\"@id\":\"https:\/\/askejaialdia.eus\/es\/#website\",\"url\":\"https:\/\/askejaialdia.eus\/es\/\",\"name\":\"Aske jaialdia\",\"description\":\"\",\"potentialAction\":[{\"@type\":\"SearchAction\",\"target\":{\"@type\":\"EntryPoint\",\"urlTemplate\":\"https:\/\/askejaialdia.eus\/es\/?s={search_term_string}\"},\"query-input\":{\"@type\":\"PropertyValueSpecification\",\"valueRequired\":true,\"valueName\":\"search_term_string\"}}],\"inLanguage\":\"es\"}]}<\/script>\n<!-- \/ Yoast SEO plugin. -->","yoast_head_json":{"title":"Info - Aske jaialdia","robots":{"index":"index","follow":"follow","max-snippet":"max-snippet:-1","max-image-preview":"max-image-preview:large","max-video-preview":"max-video-preview:-1"},"canonical":"https:\/\/askejaialdia.eus\/es\/info\/","og_locale":"es_ES","og_type":"article","og_title":"Info - Aske jaialdia","og_description":"\u00c2\u00b7 INFO \u00c2\u00b7 \u00c2\u00bfdudas? \u00c2\u00bfTodav\u00c3\u00ada se puede comprar ropa del festival ASKE? S\u00c3\u00ad, visita la tienda online y haz tu pedido. \u00c2\u00bfEstoy a tiempo para unirme al equipo de trabajo? \u00c2\u00a1Claro! Todas tenemos sitio en ASKE. Puedes rellenar el formulario de la secci\u00c3\u00b3n Turnos o escribirnos a la siguiente direcci\u00c3\u00b3n: txandak@askejaialdia.eus. \u00c2\u00bfSe pueden ver las [&hellip;]","og_url":"https:\/\/askejaialdia.eus\/es\/info\/","og_site_name":"Aske jaialdia","article_modified_time":"2026-01-15T22:52:36+00:00","og_image":[{"width":479,"height":437,"url":"https:\/\/askejaialdia.eus\/wp-content\/uploads\/2025\/09\/favicon2.png","type":"image\/png"}],"twitter_card":"summary_large_image","twitter_misc":{"Tiempo de lectura":"1 minuto"},"schema":{"@context":"https:\/\/schema.org","@graph":[{"@type":"WebPage","@id":"https:\/\/askejaialdia.eus\/es\/info\/","url":"https:\/\/askejaialdia.eus\/es\/info\/","name":"Info - Aske jaialdia","isPartOf":{"@id":"https:\/\/askejaialdia.eus\/es\/#website"},"datePublished":"2025-11-09T21:52:44+00:00","dateModified":"2026-01-15T22:52:36+00:00","breadcrumb":{"@id":"https:\/\/askejaialdia.eus\/es\/info\/#breadcrumb"},"inLanguage":"es","potentialAction":[{"@type":"ReadAction","target":["https:\/\/askejaialdia.eus\/es\/info\/"]}]},{"@type":"BreadcrumbList","@id":"https:\/\/askejaialdia.eus\/es\/info\/#breadcrumb","itemListElement":[{"@type":"ListItem","position":1,"name":"Home","item":"https:\/\/askejaialdia.eus\/es\/"},{"@type":"ListItem","position":2,"name":"Info"}]},{"@type":"WebSite","@id":"https:\/\/askejaialdia.eus\/es\/#website","url":"https:\/\/askejaialdia.eus\/es\/","name":"Aske jaialdia","description":"","potentialAction":[{"@type":"SearchAction","target":{"@type":"EntryPoint","urlTemplate":"https:\/\/askejaialdia.eus\/es\/?s={search_term_string}"},"query-input":{"@type":"PropertyValueSpecification","valueRequired":true,"valueName":"search_term_string"}}],"inLanguage":"es"}]}},"_links":{"self":[{"href":"https:\/\/askejaialdia.eus\/es\/wp-json\/wp\/v2\/pages\/1298","targetHints":{"allow":["GET"]}}],"collection":[{"href":"https:\/\/askejaialdia.eus\/es\/wp-json\/wp\/v2\/pages"}],"about":[{"href":"https:\/\/askejaialdia.eus\/es\/wp-json\/wp\/v2\/types\/page"}],"author":[{"embeddable":true,"href":"https:\/\/askejaialdia.eus\/es\/wp-json\/wp\/v2\/users\/2"}],"replies":[{"embeddable":true,"href":"https:\/\/askejaialdia.eus\/es\/wp-json\/wp\/v2\/comments?post=1298"}],"version-history":[{"count":23,"href":"https:\/\/askejaialdia.eus\/es\/wp-json\/wp\/v2\/pages\/1298\/revisions"}],"predecessor-version":[{"id":1724,"href":"https:\/\/askejaialdia.eus\/es\/wp-json\/wp\/v2\/pages\/1298\/revisions\/1724"}],"wp:attachment":[{"href":"https:\/\/askejaialdia.eus\/es\/wp-json\/wp\/v2\/media?parent=1298"}],"curies":[{"name":"wp","href":"https:\/\/api.w.org\/{rel}","templated":true}]}}