{"id":1103,"date":"2025-11-03T12:16:22","date_gmt":"2025-11-03T10:16:22","guid":{"rendered":"https:\/\/askejaialdia.eus\/quienes-somos\/"},"modified":"2025-11-14T18:52:30","modified_gmt":"2025-11-14T16:52:30","slug":"quienes-somos","status":"publish","type":"page","link":"https:\/\/askejaialdia.eus\/es\/quienes-somos\/","title":{"rendered":"Quienes somos"},"content":{"rendered":"\t\t<div data-elementor-type=\"wp-page\" data-elementor-id=\"1103\" class=\"elementor elementor-1103 elementor-730\" data-elementor-post-type=\"page\">\n\t\t\t\t<div class=\"elementor-element elementor-element-d7a6d13 e-flex e-con-boxed e-con e-parent\" data-id=\"d7a6d13\" data-element_type=\"container\" data-settings=\"{&quot;background_background&quot;:&quot;classic&quot;}\">\n\t\t\t\t\t<div class=\"e-con-inner\">\n\t\t\t\t<div class=\"elementor-element elementor-element-576b317 elementor-widget elementor-widget-heading\" data-id=\"576b317\" data-element_type=\"widget\" data-widget_type=\"heading.default\">\n\t\t\t\t\t<h2 class=\"elementor-heading-title elementor-size-default\">\u00b7 \u00bfQUI\u00c9NES SOMOS? \u00b7 <\/h2>\t\t\t\t<\/div>\n\t\t\t\t\t<\/div>\n\t\t\t\t<\/div>\n\t\t<div class=\"elementor-element elementor-element-02e74ca e-flex e-con-boxed e-con e-parent\" data-id=\"02e74ca\" data-element_type=\"container\">\n\t\t\t\t\t<div class=\"e-con-inner\">\n\t\t<div class=\"elementor-element elementor-element-e5f29fb e-con-full e-flex e-con e-child\" data-id=\"e5f29fb\" data-element_type=\"container\" data-settings=\"{&quot;background_background&quot;:&quot;classic&quot;}\">\n\t\t<div class=\"elementor-element elementor-element-8c21f6c e-con-full e-flex e-con e-child\" data-id=\"8c21f6c\" data-element_type=\"container\">\n\t\t<div class=\"elementor-element elementor-element-51d2307 e-con-full e-flex e-con e-child\" data-id=\"51d2307\" data-element_type=\"container\" data-settings=\"{&quot;background_background&quot;:&quot;classic&quot;}\">\n\t\t\t\t<div class=\"elementor-element elementor-element-64c9f37 elementor-widget elementor-widget-heading\" data-id=\"64c9f37\" data-element_type=\"widget\" data-widget_type=\"heading.default\">\n\t\t\t\t\t<h2 class=\"elementor-heading-title elementor-size-default\">somos aske.<\/h2>\t\t\t\t<\/div>\n\t\t\t\t<div class=\"elementor-element elementor-element-682df4b elementor-widget elementor-widget-text-editor\" data-id=\"682df4b\" data-element_type=\"widget\" data-widget_type=\"text-editor.default\">\n\t\t\t\t\t\t\t\t\tASKE es un festival de m\u00fasica inusual. Es un punto de encuentro para reivindicar la libertad de nuestro pueblo y de nuestra gente. Refugio de las que queremos ser libres. Pero, \u00bfqu\u00e9 es ser libre?<br><br>La nuestra es una comprensi\u00f3n colectiva de la libertad personal y de nuestro pueblo. Queremos crear la banda sonora de una Euskal Herria libre: euskaldun, feminista, anticapitalista, solidaria&#8230; Nuestro pueblo y nuestra gente han sido duramente golpeadas durante d\u00e9cadas. Ahora es el momento de construir ese pueblo y esa sociedad.<br><br>Somos parte del movimiento del pueblo y sus valores. Queremos fomentar estos valores transformadores y el af\u00e1n de libertad de nuestra naci\u00f3n a trav\u00e9s de la m\u00fasica. Ante el individualismo, la vanidad, la competitividad&#8230; nosotras tenemos como herramienta el trabajo en com\u00fan, el auzolan y la cooperaci\u00f3n. Creemos que otros modelos de ocio y festival son posibles, y as\u00ed lo haremos. Juntas cualquier cosa es posible. Juntas somos dos y medio. <br><br>A partir de este 27 de diciembre subiremos al escenario para decir que hemos nacido para ser libres. A reivindicar la libertad de este pueblo y de su gente.<br><br>Nacidas para ser libres, \u00a1seamos libres!\t\t\t\t\t\t\t\t<\/div>\n\t\t\t\t<\/div>\n\t\t\t\t<\/div>\n\t\t\t\t<\/div>\n\t\t\t\t\t<\/div>\n\t\t\t\t<\/div>\n\t\t\t\t<\/div>\n\t\t","protected":false},"excerpt":{"rendered":"<p>\u00c2\u00b7 \u00c2\u00bfQUI\u00c3\u2030NES SOMOS? \u00c2\u00b7 somos aske. ASKE es un festival de m\u00c3\u00basica inusual. Es un punto de encuentro para reivindicar la libertad de nuestro pueblo y de nuestra gente. Refugio de las que queremos ser libres. Pero, \u00c2\u00bfqu\u00c3\u00a9 es ser libre? La nuestra es una comprensi\u00c3\u00b3n colectiva de la libertad personal y de nuestro pueblo. [&hellip;]<\/p>\n","protected":false},"author":1,"featured_media":1160,"parent":0,"menu_order":0,"comment_status":"closed","ping_status":"closed","template":"elementor_header_footer","meta":{"footnotes":""},"class_list":["post-1103","page","type-page","status-publish","has-post-thumbnail","hentry"],"yoast_head":"<!-- This site is optimized with the Yoast SEO plugin v27.2 - https:\/\/yoast.com\/product\/yoast-seo-wordpress\/ -->\n<title>Quienes somos - Aske jaialdia<\/title>\n<meta name=\"robots\" content=\"index, follow, max-snippet:-1, max-image-preview:large, max-video-preview:-1\" \/>\n<link rel=\"canonical\" href=\"https:\/\/askejaialdia.eus\/es\/quienes-somos\/\" \/>\n<meta property=\"og:locale\" content=\"es_ES\" \/>\n<meta property=\"og:type\" content=\"article\" \/>\n<meta property=\"og:title\" content=\"Quienes somos - Aske jaialdia\" \/>\n<meta property=\"og:description\" content=\"\u00c2\u00b7 \u00c2\u00bfQUI\u00c3\u2030NES SOMOS? \u00c2\u00b7 somos aske. ASKE es un festival de m\u00c3\u00basica inusual. Es un punto de encuentro para reivindicar la libertad de nuestro pueblo y de nuestra gente. Refugio de las que queremos ser libres. Pero, \u00c2\u00bfqu\u00c3\u00a9 es ser libre? La nuestra es una comprensi\u00c3\u00b3n colectiva de la libertad personal y de nuestro pueblo. [&hellip;]\" \/>\n<meta property=\"og:url\" content=\"https:\/\/askejaialdia.eus\/es\/quienes-somos\/\" \/>\n<meta property=\"og:site_name\" content=\"Aske jaialdia\" \/>\n<meta property=\"article:modified_time\" content=\"2025-11-14T16:52:30+00:00\" \/>\n<meta property=\"og:image\" content=\"https:\/\/askejaialdia.eus\/wp-content\/uploads\/2025\/11\/hasiera2.png\" \/>\n\t<meta property=\"og:image:width\" content=\"475\" \/>\n\t<meta property=\"og:image:height\" content=\"300\" \/>\n\t<meta property=\"og:image:type\" content=\"image\/png\" \/>\n<meta name=\"twitter:card\" content=\"summary_large_image\" \/>\n<meta name=\"twitter:label1\" content=\"Tiempo de lectura\" \/>\n\t<meta name=\"twitter:data1\" content=\"1 minuto\" \/>\n<script type=\"application\/ld+json\" class=\"yoast-schema-graph\">{\"@context\":\"https:\/\/schema.org\",\"@graph\":[{\"@type\":\"WebPage\",\"@id\":\"https:\/\/askejaialdia.eus\/es\/quienes-somos\/\",\"url\":\"https:\/\/askejaialdia.eus\/es\/quienes-somos\/\",\"name\":\"Quienes somos - Aske jaialdia\",\"isPartOf\":{\"@id\":\"https:\/\/askejaialdia.eus\/es\/#website\"},\"primaryImageOfPage\":{\"@id\":\"https:\/\/askejaialdia.eus\/es\/quienes-somos\/#primaryimage\"},\"image\":{\"@id\":\"https:\/\/askejaialdia.eus\/es\/quienes-somos\/#primaryimage\"},\"thumbnailUrl\":\"https:\/\/askejaialdia.eus\/wp-content\/uploads\/2025\/11\/hasiera2.png\",\"datePublished\":\"2025-11-03T10:16:22+00:00\",\"dateModified\":\"2025-11-14T16:52:30+00:00\",\"breadcrumb\":{\"@id\":\"https:\/\/askejaialdia.eus\/es\/quienes-somos\/#breadcrumb\"},\"inLanguage\":\"es\",\"potentialAction\":[{\"@type\":\"ReadAction\",\"target\":[\"https:\/\/askejaialdia.eus\/es\/quienes-somos\/\"]}]},{\"@type\":\"ImageObject\",\"inLanguage\":\"es\",\"@id\":\"https:\/\/askejaialdia.eus\/es\/quienes-somos\/#primaryimage\",\"url\":\"https:\/\/askejaialdia.eus\/wp-content\/uploads\/2025\/11\/hasiera2.png\",\"contentUrl\":\"https:\/\/askejaialdia.eus\/wp-content\/uploads\/2025\/11\/hasiera2.png\",\"width\":475,\"height\":300},{\"@type\":\"BreadcrumbList\",\"@id\":\"https:\/\/askejaialdia.eus\/es\/quienes-somos\/#breadcrumb\",\"itemListElement\":[{\"@type\":\"ListItem\",\"position\":1,\"name\":\"Home\",\"item\":\"https:\/\/askejaialdia.eus\/es\/\"},{\"@type\":\"ListItem\",\"position\":2,\"name\":\"Quienes somos\"}]},{\"@type\":\"WebSite\",\"@id\":\"https:\/\/askejaialdia.eus\/es\/#website\",\"url\":\"https:\/\/askejaialdia.eus\/es\/\",\"name\":\"Aske jaialdia\",\"description\":\"\",\"potentialAction\":[{\"@type\":\"SearchAction\",\"target\":{\"@type\":\"EntryPoint\",\"urlTemplate\":\"https:\/\/askejaialdia.eus\/es\/?s={search_term_string}\"},\"query-input\":{\"@type\":\"PropertyValueSpecification\",\"valueRequired\":true,\"valueName\":\"search_term_string\"}}],\"inLanguage\":\"es\"}]}<\/script>\n<!-- \/ Yoast SEO plugin. -->","yoast_head_json":{"title":"Quienes somos - Aske jaialdia","robots":{"index":"index","follow":"follow","max-snippet":"max-snippet:-1","max-image-preview":"max-image-preview:large","max-video-preview":"max-video-preview:-1"},"canonical":"https:\/\/askejaialdia.eus\/es\/quienes-somos\/","og_locale":"es_ES","og_type":"article","og_title":"Quienes somos - Aske jaialdia","og_description":"\u00c2\u00b7 \u00c2\u00bfQUI\u00c3\u2030NES SOMOS? \u00c2\u00b7 somos aske. ASKE es un festival de m\u00c3\u00basica inusual. Es un punto de encuentro para reivindicar la libertad de nuestro pueblo y de nuestra gente. Refugio de las que queremos ser libres. Pero, \u00c2\u00bfqu\u00c3\u00a9 es ser libre? La nuestra es una comprensi\u00c3\u00b3n colectiva de la libertad personal y de nuestro pueblo. [&hellip;]","og_url":"https:\/\/askejaialdia.eus\/es\/quienes-somos\/","og_site_name":"Aske jaialdia","article_modified_time":"2025-11-14T16:52:30+00:00","og_image":[{"width":475,"height":300,"url":"https:\/\/askejaialdia.eus\/wp-content\/uploads\/2025\/11\/hasiera2.png","type":"image\/png"}],"twitter_card":"summary_large_image","twitter_misc":{"Tiempo de lectura":"1 minuto"},"schema":{"@context":"https:\/\/schema.org","@graph":[{"@type":"WebPage","@id":"https:\/\/askejaialdia.eus\/es\/quienes-somos\/","url":"https:\/\/askejaialdia.eus\/es\/quienes-somos\/","name":"Quienes somos - Aske jaialdia","isPartOf":{"@id":"https:\/\/askejaialdia.eus\/es\/#website"},"primaryImageOfPage":{"@id":"https:\/\/askejaialdia.eus\/es\/quienes-somos\/#primaryimage"},"image":{"@id":"https:\/\/askejaialdia.eus\/es\/quienes-somos\/#primaryimage"},"thumbnailUrl":"https:\/\/askejaialdia.eus\/wp-content\/uploads\/2025\/11\/hasiera2.png","datePublished":"2025-11-03T10:16:22+00:00","dateModified":"2025-11-14T16:52:30+00:00","breadcrumb":{"@id":"https:\/\/askejaialdia.eus\/es\/quienes-somos\/#breadcrumb"},"inLanguage":"es","potentialAction":[{"@type":"ReadAction","target":["https:\/\/askejaialdia.eus\/es\/quienes-somos\/"]}]},{"@type":"ImageObject","inLanguage":"es","@id":"https:\/\/askejaialdia.eus\/es\/quienes-somos\/#primaryimage","url":"https:\/\/askejaialdia.eus\/wp-content\/uploads\/2025\/11\/hasiera2.png","contentUrl":"https:\/\/askejaialdia.eus\/wp-content\/uploads\/2025\/11\/hasiera2.png","width":475,"height":300},{"@type":"BreadcrumbList","@id":"https:\/\/askejaialdia.eus\/es\/quienes-somos\/#breadcrumb","itemListElement":[{"@type":"ListItem","position":1,"name":"Home","item":"https:\/\/askejaialdia.eus\/es\/"},{"@type":"ListItem","position":2,"name":"Quienes somos"}]},{"@type":"WebSite","@id":"https:\/\/askejaialdia.eus\/es\/#website","url":"https:\/\/askejaialdia.eus\/es\/","name":"Aske jaialdia","description":"","potentialAction":[{"@type":"SearchAction","target":{"@type":"EntryPoint","urlTemplate":"https:\/\/askejaialdia.eus\/es\/?s={search_term_string}"},"query-input":{"@type":"PropertyValueSpecification","valueRequired":true,"valueName":"search_term_string"}}],"inLanguage":"es"}]}},"_links":{"self":[{"href":"https:\/\/askejaialdia.eus\/es\/wp-json\/wp\/v2\/pages\/1103","targetHints":{"allow":["GET"]}}],"collection":[{"href":"https:\/\/askejaialdia.eus\/es\/wp-json\/wp\/v2\/pages"}],"about":[{"href":"https:\/\/askejaialdia.eus\/es\/wp-json\/wp\/v2\/types\/page"}],"author":[{"embeddable":true,"href":"https:\/\/askejaialdia.eus\/es\/wp-json\/wp\/v2\/users\/1"}],"replies":[{"embeddable":true,"href":"https:\/\/askejaialdia.eus\/es\/wp-json\/wp\/v2\/comments?post=1103"}],"version-history":[{"count":8,"href":"https:\/\/askejaialdia.eus\/es\/wp-json\/wp\/v2\/pages\/1103\/revisions"}],"predecessor-version":[{"id":1372,"href":"https:\/\/askejaialdia.eus\/es\/wp-json\/wp\/v2\/pages\/1103\/revisions\/1372"}],"wp:featuredmedia":[{"embeddable":true,"href":"https:\/\/askejaialdia.eus\/es\/wp-json\/wp\/v2\/media\/1160"}],"wp:attachment":[{"href":"https:\/\/askejaialdia.eus\/es\/wp-json\/wp\/v2\/media?parent=1103"}],"curies":[{"name":"wp","href":"https:\/\/api.w.org\/{rel}","templated":true}]}}